{"id":7160,"date":"2025-08-06T11:42:13","date_gmt":"2025-08-06T09:42:13","guid":{"rendered":"https:\/\/cliniquedentairedechantepoulet.ch\/?page_id=7160"},"modified":"2025-08-06T17:31:04","modified_gmt":"2025-08-06T15:31:04","slug":"aurelie-lagin","status":"publish","type":"page","link":"https:\/\/cliniquedentairedechantepoulet.ch\/en\/team\/aurelie-lagin\/","title":{"rendered":"Aur\u00e9lie Lagin"},"content":{"rendered":"<div class=\"wpb-content-wrapper\"><p>[vc_row el_class=&#8221;title-membre pt80&#8243;][vc_column][vc_column_text css=&#8221;&#8221;]<\/p>\n<h2 style=\"text-align: center;\">Member\u00a0<span class=\"title-color\">of the team<\/span><\/h2>\n<div class=\"h-decor\"><\/div>\n<p>[\/vc_column_text][\/vc_column][\/vc_row][vc_row equal_height=&#8221;yes&#8221; content_placement=&#8221;middle&#8221; el_class=&#8221;pt60 pb80 section-team&#8221;][vc_column width=&#8221;1\/2&#8243; el_class=&#8221;card&#8221;][vc_single_image image=&#8221;7199&#8243; img_size=&#8221;full&#8221; alignment=&#8221;center&#8221; css=&#8221;&#8221; el_class=&#8221;unique-img&#8221;][\/vc_single_image][\/vc_column][vc_column width=&#8221;1\/2&#8243; el_class=&#8221;right-part&#8221;][vc_row_inner equal_height=&#8221;yes&#8221; content_placement=&#8221;middle&#8221; el_class=&#8221;wrapper-infos&#8221;][vc_column_inner width=&#8221;1\/2&#8243;][vc_column_text css=&#8221;&#8221; el_class=&#8221;name&#8221;]<\/p>\n<p style=\"text-align: left;\"><strong>Aur\u00e9lie <span class=\"title-color\">Lagin<\/span><\/strong><\/p>\n<p>[\/vc_column_text][vc_column_text css=&#8221;&#8221; el_class=&#8221;poste-occupe&#8221;]<\/p>\n<p style=\"text-align: left;\">Dental hygienist<\/p>\n<p>[\/vc_column_text][\/vc_column_inner][vc_column_inner width=&#8221;1\/2&#8243;][vc_single_image image=&#8221;3031&#8243; onclick=&#8221;custom_link&#8221; css=&#8221;&#8221; el_class=&#8221;linkedin-perso&#8221; link=&#8221;https:\/\/www.linkedin.com\/in\/aurelie-lagin-801a531b3\/&#8221;][\/vc_single_image][\/vc_column_inner][\/vc_row_inner][vc_column_text css=&#8221;&#8221;]<\/p>\n<ul>\n<li>A graduate of the University of Li\u00e8ge and the Haute \u00c9cole in 2023, Aur\u00e9lie practices with passion and professionalism, always prioritizing the well-being of each patient.<\/li>\n<li>With a gentle, preventive, and educational approach, she supports you with respect, attentiveness, and compassion. Her practice is based on a balance between high-quality care and genuine human consideration, aiming to build a lasting relationship of trust.<\/li>\n<li>Aur\u00e9lie works in collaboration with other healthcare professionals to ensure comprehensive and consistent follow-up, tailored to each situation. Attentive to everyone&#8217;s needs, she provides meticulous care, performed under magnifying loupes, with precision and gentleness.<\/li>\n<li>She welcomes you in French, English, and Creole.<\/li>\n<\/ul>\n<p>[\/vc_column_text][\/vc_column][\/vc_row][vc_row][vc_column][vc_raw_html css=&#8221;&#8221;]JTNDc2NyaXB0JTNFJTBEJTBBJTIwJTIwJTIwJTIwd2luZG93LmFkZEV2ZW50TGlzdGVuZXIlMjglMjJtZXNzYWdlJTIyJTJDJTIwZnVuY3Rpb24lMjAlMjhlJTI5JTIwJTdCJTBEJTBBJTIwJTIwJTIwJTIwJTIwJTIwJTIwJTIwdmFyJTIwdCUyMCUzRCUyMGUuZGF0YSU1QiUyMm9kLXdpZGdldC1pZCUyMiU1RCUyQyUwRCUwQSUyMCUyMCUyMCUyMCUyMCUyMCUyMCUyMCUyMCUyMCUyMCUyMGklMjAlM0QlMjBlLmRhdGElNUIlMjJvZC13aWRnZXQtaGVpZ2h0JTIyJTVEJTJDJTBEJTBBJTIwJTIwJTIwJTIwJTIwJTIwJTIwJTIwJTIwJTIwJTIwJTIwZCUyMCUzRCUyMGUuZGF0YSU1QiUyMm9kLXdpZGdldC1pb3MlMjIlNUQlM0IlMEQlMEElMjAlMjAlMjAlMjAlMjAlMjAlMjAlMjAlMEQlMEElMjAlMjAlMjAlMjAlMjAlMjAlMjAlMjBpZiUyMCUyOHQlMjAlMjYlMjYlMjB0JTIwJTNEJTNEJTNEJTIwJTIyNDcxNTA0ZDIyMDczZmQ3YzdhZWY2NWM5ZWE1OWVjYTRkYTUyZGYwNzU0NGQ0OTNlOGFiMjZkMmRkMGEwMzNmNyUyMiUyOSUyMCU3QiUwRCUwQSUyMCUyMCUyMCUyMCUyMCUyMCUyMCUyMCUyMCUyMCUyMCUyMHZhciUyMGElMjAlM0QlMjBkb2N1bWVudC5nZXRFbGVtZW50QnlJZCUyOCUyMm9kLXdpZGdldC0lMjIlMjAlMkIlMjB0JTI5JTNCJTBEJTBBJTIwJTIwJTIwJTIwJTIwJTIwJTIwJTIwJTIwJTIwJTIwJTIwaWYlMjAlMjhpJTI5JTIwYS5zdHlsZS5oZWlnaHQlMjAlM0QlMjBpJTIwJTJCJTIwJTIycHglMjIlM0IlMEQlMEElMjAlMjAlMjAlMjAlMjAlMjAlMjAlMjAlMjAlMjAlMjAlMjBpZiUyMCUyOGQlMjAlM0QlM0QlM0QlMjB0cnVlJTI5JTIwJTdCJTBEJTBBJTIwJTIwJTIwJTIwJTIwJTIwJTIwJTIwJTIwJTIwJTIwJTIwJTIwJTIwJTIwJTIwYS5zdHlsZS53aWR0aCUyMCUzRCUyMCUyMjEwMHB4JTIyJTNCJTBEJTBBJTIwJTIwJTIwJTIwJTIwJTIwJTIwJTIwJTIwJTIwJTIwJTIwJTIwJTIwJTIwJTIwYS5zdHlsZSU1QiUyMm1pbi13aWR0aCUyMiU1RCUyMCUzRCUyMCUyMjEwMCUyNSUyMiUzQiUwRCUwQSUyMCUyMCUyMCUyMCUyMCUyMCUyMCUyMCUyMCUyMCUyMCUyMCUyMCUyMCUyMCUyMGEuc2Nyb2xsaW5nJTIwJTNEJTIwJTIybm8lMjIlM0IlMEQlMEElMjAlMjAlMjAlMjAlMjAlMjAlMjAlMjAlMjAlMjAlMjAlMjAlN0QlMEQlMEElMjAlMjAlMjAlMjAlMjAlMjAlMjAlMjAlN0QlMEQlMEElMjAlMjAlMjAlMjAlN0QlMjklM0IlMEQlMEElMEQlMEElMjAlMjAlMjAlMjB3aW5kb3cuYWRkRXZlbnRMaXN0ZW5lciUyOCUyMmxvYWQlMjIlMkMlMjBmdW5jdGlvbiUyMCUyOGUlMjklMjAlN0IlMEQlMEElMjAlMjAlMjAlMjAlMjAlMjAlMjAlMjB2YXIlMjB3aWRnZXRzJTIwJTNEJTIwZG9jdW1lbnQucXVlcnlTZWxlY3RvckFsbCUyOCUyMmlmcmFtZS5vZC13aWRnZXQlMjIlMjklM0IlMEQlMEElMjAlMjAlMjAlMjAlMjAlMjAlMjAlMjB3aWRnZXRzLmZvckVhY2glMjhmdW5jdGlvbiUyMCUyOHdpZGdldCUyOSUyMCU3QiUwRCUwQSUyMCUyMCUyMCUyMCUyMCUyMCUyMCUyMCUyMCUyMCUyMCUyMGlmJTIwJTI4d2lkZ2V0LmRhdGFzZXQlMjAlMjYlMjYlMjB3aWRnZXQuZGF0YXNldC5zcmMlMjklMjAlN0IlMEQlMEElMjAlMjAlMjAlMjAlMjAlMjAlMjAlMjAlMjAlMjAlMjAlMjAlMjAlMjAlMjAlMjB3aWRnZXQuc3JjJTIwJTNEJTIwd2lkZ2V0LmRhdGFzZXQuc3JjJTNCJTBEJTBBJTIwJTIwJTIwJTIwJTIwJTIwJTIwJTIwJTIwJTIwJTIwJTIwJTdEJTBEJTBBJTIwJTIwJTIwJTIwJTIwJTIwJTIwJTIwJTdEJTI5JTNCJTBEJTBBJTIwJTIwJTIwJTIwJTdEJTI5JTNCJTBEJTBBJTNDJTJGc2NyaXB0JTNFJTBEJTBBJTBEJTBBJTNDc2NyaXB0JTNFd2luZG93LmFkZEV2ZW50TGlzdGVuZXIlMjglMjJsb2FkJTIyJTJDJTI4ZnVuY3Rpb24lMjhlJTI5JTdCZm9yJTI4dmFyJTIwdCUzRGRvY3VtZW50LnF1ZXJ5U2VsZWN0b3JBbGwlMjglMjJpZnJhbWUub2Qtd2lkZ2V0JTIyJTI5JTJDaSUzRDAlM0JpJTNDdC5sZW5ndGglM0JpJTJCJTJCJTI5JTdCdmFyJTIwZCUzRHQlNUJpJTVEJTNCZC5kYXRhc2V0JTI2JTI2ZC5kYXRhc2V0LnNyYyUyNiUyNiUyOGQuc3JjJTNEZC5kYXRhc2V0LnNyYyUyOSU3RCU3RCUyOSUyOSUzQiUzQyUyRnNjcmlwdCUzRSUzQ2lmcmFtZSUyMGNsYXNzJTNEJTIyb2Qtd2lkZ2V0JTIyJTIwaWQlM0QlMjJvZC13aWRnZXQtNDcxNTA0ZDIyMDczZmQ3YzdhZWY2NWM5ZWE1OWVjYTRkYTUyZGYwNzU0NGQ0OTNlOGFiMjZkMmRkMGEwMzNmNyUyMiUyMHNyYyUzRCUyMmFib3V0JTNBYmxhbmslMjIlMjBkYXRhLXNyYyUzRCUyMmh0dHBzJTNBJTJGJTJGb25lZG9jLmNoJTJGZW4lMkZ3aWRnZXQlMkY0NzE1MDRkMjIwNzNmZDdjN2FlZjY1YzllYTU5ZWNhNGRhNTJkZjA3NTQ0ZDQ5M2U4YWIyNmQyZGQwYTAzM2Y3JTIyJTIwZnJhbWVib3JkZXIlM0QlMjIwJTIyJTIwc3R5bGUlM0QlMjJ3aWR0aCUzQTEwMCUyNSUzQmhlaWdodCUzQTQwMHB4JTIyJTNFJTNDJTJGaWZyYW1lJTNF[\/vc_raw_html][vc_empty_space height=&#8221;60px&#8221;][\/vc_column][\/vc_row]<\/p>\n<\/div>","protected":false},"excerpt":{"rendered":"<p>[vc_row el_class=&#8221;title-membre pt80&#8243;][vc_column][vc_column_text css=&#8221;&#8221;] Member\u00a0of the team [\/vc_column_text][\/vc_column][\/vc_row][vc_row equal_height=&#8221;yes&#8221; content_placement=&#8221;middle&#8221; el_class=&#8221;pt60 pb80 section-team&#8221;][vc_column width=&#8221;1\/2&#8243; el_class=&#8221;card&#8221;][vc_single_image image=&#8221;7199&#8243; img_size=&#8221;full&#8221; alignment=&#8221;center&#8221; css=&#8221;&#8221; el_class=&#8221;unique-img&#8221;][\/vc_single_image][\/vc_column][vc_column width=&#8221;1\/2&#8243; el_class=&#8221;right-part&#8221;][vc_row_inner equal_height=&#8221;yes&#8221; content_placement=&#8221;middle&#8221; el_class=&#8221;wrapper-infos&#8221;][vc_column_inner width=&#8221;1\/2&#8243;][vc_column_text css=&#8221;&#8221; el_class=&#8221;name&#8221;] Aur\u00e9lie Lagin [\/vc_column_text][vc_column_text css=&#8221;&#8221; el_class=&#8221;poste-occupe&#8221;] Dental hygienist [\/vc_column_text][\/vc_column_inner][vc_column_inner width=&#8221;1\/2&#8243;][vc_single_image image=&#8221;3031&#8243; onclick=&#8221;custom_link&#8221; css=&#8221;&#8221; el_class=&#8221;linkedin-perso&#8221; link=&#8221;https:\/\/www.linkedin.com\/in\/aurelie-lagin-801a531b3\/&#8221;][\/vc_single_image][\/vc_column_inner][\/vc_row_inner][vc_column_text css=&#8221;&#8221;] A graduate of the University of Li\u00e8ge and the Haute \u00c9cole in <\/p>\n<div class=\"btn-more-wrapper\"><a href=\"https:\/\/cliniquedentairedechantepoulet.ch\/en\/team\/aurelie-lagin\/\" class=\"btn btn-sm btn-hover-fill\"><svg class=\"icon icon-right-arrow\" version=\"1.1\" xmlns=\"http:\/\/www.w3.org\/2000\/svg\" width=\"32\" height=\"32\" viewBox=\"0 0 32 32\"><path d=\"M21.548 5.088c-0.436-0.451-1.162-0.451-1.613 0-0.436 0.436-0.436 1.162 0 1.596l8.177 8.177h-26.984c-0.629 0.001-1.129 0.501-1.129 1.13s0.5 1.145 1.129 1.145h26.984l-8.177 8.162c-0.436 0.451-0.436 1.178 0 1.613 0.451 0.451 1.178 0.451 1.613 0l10.113-10.113c0.451-0.436 0.451-1.162 0-1.596l-10.113-10.114z\"><\/path><\/svg>Read More<span class=\"screen-reader-text\"> &#8220;Aur\u00e9lie Lagin&#8221;<\/span><svg class=\"icon icon-right-arrow\" version=\"1.1\" xmlns=\"http:\/\/www.w3.org\/2000\/svg\" width=\"32\" height=\"32\" viewBox=\"0 0 32 32\"><path d=\"M21.548 5.088c-0.436-0.451-1.162-0.451-1.613 0-0.436 0.436-0.436 1.162 0 1.596l8.177 8.177h-26.984c-0.629 0.001-1.129 0.501-1.129 1.13s0.5 1.145 1.129 1.145h26.984l-8.177 8.162c-0.436 0.451-0.436 1.178 0 1.613 0.451 0.451 1.178 0.451 1.613 0l10.113-10.113c0.451-0.436 0.451-1.162 0-1.596l-10.113-10.114z\"><\/path><\/svg><\/a><\/div>\n","protected":false},"author":2,"featured_media":3236,"parent":3897,"menu_order":0,"comment_status":"closed","ping_status":"closed","template":"","meta":{"_acf_changed":false,"_joinchat":[],"footnotes":""},"class_list":["post-7160","page","type-page","status-publish","has-post-thumbnail","hentry"],"acf":[],"yoast_head":"<!-- This site is optimized with the Yoast SEO plugin v27.1.1 - https:\/\/yoast.com\/product\/yoast-seo-wordpress\/ -->\n<title>Aur\u00e9lie Lagin - Clinique Dentaire Chantepoulet<\/title>\n<meta name=\"robots\" content=\"index, follow, max-snippet:-1, max-image-preview:large, max-video-preview:-1\" \/>\n<link rel=\"canonical\" href=\"https:\/\/cliniquedentairedechantepoulet.ch\/en\/team\/aurelie-lagin\/\" \/>\n<script type=\"application\/ld+json\" class=\"yoast-schema-graph\">{\"@context\":\"https:\/\/schema.org\",\"@graph\":[{\"@type\":\"WebPage\",\"@id\":\"https:\/\/cliniquedentairedechantepoulet.ch\/en\/team\/aurelie-lagin\/\",\"url\":\"https:\/\/cliniquedentairedechantepoulet.ch\/en\/team\/aurelie-lagin\/\",\"name\":\"Aur\u00e9lie Lagin - Clinique Dentaire Chantepoulet\",\"isPartOf\":{\"@id\":\"https:\/\/cliniquedentairedechantepoulet.ch\/#website\"},\"primaryImageOfPage\":{\"@id\":\"https:\/\/cliniquedentairedechantepoulet.ch\/en\/team\/aurelie-lagin\/#primaryimage\"},\"image\":{\"@id\":\"https:\/\/cliniquedentairedechantepoulet.ch\/en\/team\/aurelie-lagin\/#primaryimage\"},\"thumbnailUrl\":\"https:\/\/cliniquedentairedechantepoulet.ch\/wp-content\/uploads\/2022\/08\/1920x300-1.jpg\",\"datePublished\":\"2025-08-06T09:42:13+00:00\",\"dateModified\":\"2025-08-06T15:31:04+00:00\",\"breadcrumb\":{\"@id\":\"https:\/\/cliniquedentairedechantepoulet.ch\/en\/team\/aurelie-lagin\/#breadcrumb\"},\"inLanguage\":\"en-US\",\"potentialAction\":[{\"@type\":\"ReadAction\",\"target\":[\"https:\/\/cliniquedentairedechantepoulet.ch\/en\/team\/aurelie-lagin\/\"]}]},{\"@type\":\"ImageObject\",\"inLanguage\":\"en-US\",\"@id\":\"https:\/\/cliniquedentairedechantepoulet.ch\/en\/team\/aurelie-lagin\/#primaryimage\",\"url\":\"https:\/\/cliniquedentairedechantepoulet.ch\/wp-content\/uploads\/2022\/08\/1920x300-1.jpg\",\"contentUrl\":\"https:\/\/cliniquedentairedechantepoulet.ch\/wp-content\/uploads\/2022\/08\/1920x300-1.jpg\",\"width\":1920,\"height\":300,\"caption\":\"banniere-clinique-dentaire-chantepoulet\"},{\"@type\":\"BreadcrumbList\",\"@id\":\"https:\/\/cliniquedentairedechantepoulet.ch\/en\/team\/aurelie-lagin\/#breadcrumb\",\"itemListElement\":[{\"@type\":\"ListItem\",\"position\":1,\"name\":\"Accueil\",\"item\":\"https:\/\/cliniquedentairedechantepoulet.ch\/en\/\"},{\"@type\":\"ListItem\",\"position\":2,\"name\":\"Our team\",\"item\":\"https:\/\/cliniquedentairedechantepoulet.ch\/en\/team\/\"},{\"@type\":\"ListItem\",\"position\":3,\"name\":\"Aur\u00e9lie Lagin\"}]},{\"@type\":\"WebSite\",\"@id\":\"https:\/\/cliniquedentairedechantepoulet.ch\/#website\",\"url\":\"https:\/\/cliniquedentairedechantepoulet.ch\/\",\"name\":\"Clinique Dentaire Chantepoulet\",\"description\":\"\",\"publisher\":{\"@id\":\"https:\/\/cliniquedentairedechantepoulet.ch\/#organization\"},\"potentialAction\":[{\"@type\":\"SearchAction\",\"target\":{\"@type\":\"EntryPoint\",\"urlTemplate\":\"https:\/\/cliniquedentairedechantepoulet.ch\/?s={search_term_string}\"},\"query-input\":{\"@type\":\"PropertyValueSpecification\",\"valueRequired\":true,\"valueName\":\"search_term_string\"}}],\"inLanguage\":\"en-US\"},{\"@type\":\"Organization\",\"@id\":\"https:\/\/cliniquedentairedechantepoulet.ch\/#organization\",\"name\":\"Clinique Dentaire Chantepoulet\",\"url\":\"https:\/\/cliniquedentairedechantepoulet.ch\/\",\"logo\":{\"@type\":\"ImageObject\",\"inLanguage\":\"en-US\",\"@id\":\"https:\/\/cliniquedentairedechantepoulet.ch\/#\/schema\/logo\/image\/\",\"url\":\"https:\/\/cliniquedentairedechantepoulet.ch\/wp-content\/uploads\/2022\/11\/logo-chantepoulet.svg\",\"contentUrl\":\"https:\/\/cliniquedentairedechantepoulet.ch\/wp-content\/uploads\/2022\/11\/logo-chantepoulet.svg\",\"width\":220,\"height\":40,\"caption\":\"Clinique Dentaire Chantepoulet\"},\"image\":{\"@id\":\"https:\/\/cliniquedentairedechantepoulet.ch\/#\/schema\/logo\/image\/\"}}]}<\/script>\n<!-- \/ Yoast SEO plugin. -->","yoast_head_json":{"title":"Aur\u00e9lie Lagin - Clinique Dentaire Chantepoulet","robots":{"index":"index","follow":"follow","max-snippet":"max-snippet:-1","max-image-preview":"max-image-preview:large","max-video-preview":"max-video-preview:-1"},"canonical":"https:\/\/cliniquedentairedechantepoulet.ch\/en\/team\/aurelie-lagin\/","schema":{"@context":"https:\/\/schema.org","@graph":[{"@type":"WebPage","@id":"https:\/\/cliniquedentairedechantepoulet.ch\/en\/team\/aurelie-lagin\/","url":"https:\/\/cliniquedentairedechantepoulet.ch\/en\/team\/aurelie-lagin\/","name":"Aur\u00e9lie Lagin - Clinique Dentaire Chantepoulet","isPartOf":{"@id":"https:\/\/cliniquedentairedechantepoulet.ch\/#website"},"primaryImageOfPage":{"@id":"https:\/\/cliniquedentairedechantepoulet.ch\/en\/team\/aurelie-lagin\/#primaryimage"},"image":{"@id":"https:\/\/cliniquedentairedechantepoulet.ch\/en\/team\/aurelie-lagin\/#primaryimage"},"thumbnailUrl":"https:\/\/cliniquedentairedechantepoulet.ch\/wp-content\/uploads\/2022\/08\/1920x300-1.jpg","datePublished":"2025-08-06T09:42:13+00:00","dateModified":"2025-08-06T15:31:04+00:00","breadcrumb":{"@id":"https:\/\/cliniquedentairedechantepoulet.ch\/en\/team\/aurelie-lagin\/#breadcrumb"},"inLanguage":"en-US","potentialAction":[{"@type":"ReadAction","target":["https:\/\/cliniquedentairedechantepoulet.ch\/en\/team\/aurelie-lagin\/"]}]},{"@type":"ImageObject","inLanguage":"en-US","@id":"https:\/\/cliniquedentairedechantepoulet.ch\/en\/team\/aurelie-lagin\/#primaryimage","url":"https:\/\/cliniquedentairedechantepoulet.ch\/wp-content\/uploads\/2022\/08\/1920x300-1.jpg","contentUrl":"https:\/\/cliniquedentairedechantepoulet.ch\/wp-content\/uploads\/2022\/08\/1920x300-1.jpg","width":1920,"height":300,"caption":"banniere-clinique-dentaire-chantepoulet"},{"@type":"BreadcrumbList","@id":"https:\/\/cliniquedentairedechantepoulet.ch\/en\/team\/aurelie-lagin\/#breadcrumb","itemListElement":[{"@type":"ListItem","position":1,"name":"Accueil","item":"https:\/\/cliniquedentairedechantepoulet.ch\/en\/"},{"@type":"ListItem","position":2,"name":"Our team","item":"https:\/\/cliniquedentairedechantepoulet.ch\/en\/team\/"},{"@type":"ListItem","position":3,"name":"Aur\u00e9lie Lagin"}]},{"@type":"WebSite","@id":"https:\/\/cliniquedentairedechantepoulet.ch\/#website","url":"https:\/\/cliniquedentairedechantepoulet.ch\/","name":"Clinique Dentaire Chantepoulet","description":"","publisher":{"@id":"https:\/\/cliniquedentairedechantepoulet.ch\/#organization"},"potentialAction":[{"@type":"SearchAction","target":{"@type":"EntryPoint","urlTemplate":"https:\/\/cliniquedentairedechantepoulet.ch\/?s={search_term_string}"},"query-input":{"@type":"PropertyValueSpecification","valueRequired":true,"valueName":"search_term_string"}}],"inLanguage":"en-US"},{"@type":"Organization","@id":"https:\/\/cliniquedentairedechantepoulet.ch\/#organization","name":"Clinique Dentaire Chantepoulet","url":"https:\/\/cliniquedentairedechantepoulet.ch\/","logo":{"@type":"ImageObject","inLanguage":"en-US","@id":"https:\/\/cliniquedentairedechantepoulet.ch\/#\/schema\/logo\/image\/","url":"https:\/\/cliniquedentairedechantepoulet.ch\/wp-content\/uploads\/2022\/11\/logo-chantepoulet.svg","contentUrl":"https:\/\/cliniquedentairedechantepoulet.ch\/wp-content\/uploads\/2022\/11\/logo-chantepoulet.svg","width":220,"height":40,"caption":"Clinique Dentaire Chantepoulet"},"image":{"@id":"https:\/\/cliniquedentairedechantepoulet.ch\/#\/schema\/logo\/image\/"}}]}},"_links":{"self":[{"href":"https:\/\/cliniquedentairedechantepoulet.ch\/en\/wp-json\/wp\/v2\/pages\/7160","targetHints":{"allow":["GET"]}}],"collection":[{"href":"https:\/\/cliniquedentairedechantepoulet.ch\/en\/wp-json\/wp\/v2\/pages"}],"about":[{"href":"https:\/\/cliniquedentairedechantepoulet.ch\/en\/wp-json\/wp\/v2\/types\/page"}],"author":[{"embeddable":true,"href":"https:\/\/cliniquedentairedechantepoulet.ch\/en\/wp-json\/wp\/v2\/users\/2"}],"replies":[{"embeddable":true,"href":"https:\/\/cliniquedentairedechantepoulet.ch\/en\/wp-json\/wp\/v2\/comments?post=7160"}],"version-history":[{"count":10,"href":"https:\/\/cliniquedentairedechantepoulet.ch\/en\/wp-json\/wp\/v2\/pages\/7160\/revisions"}],"predecessor-version":[{"id":7260,"href":"https:\/\/cliniquedentairedechantepoulet.ch\/en\/wp-json\/wp\/v2\/pages\/7160\/revisions\/7260"}],"up":[{"embeddable":true,"href":"https:\/\/cliniquedentairedechantepoulet.ch\/en\/wp-json\/wp\/v2\/pages\/3897"}],"wp:featuredmedia":[{"embeddable":true,"href":"https:\/\/cliniquedentairedechantepoulet.ch\/en\/wp-json\/wp\/v2\/media\/3236"}],"wp:attachment":[{"href":"https:\/\/cliniquedentairedechantepoulet.ch\/en\/wp-json\/wp\/v2\/media?parent=7160"}],"curies":[{"name":"wp","href":"https:\/\/api.w.org\/{rel}","templated":true}]}}