{"id":5512,"date":"2025-03-28T10:53:24","date_gmt":"2025-03-28T09:53:24","guid":{"rendered":"https:\/\/cliniquedentairedechantepoulet.ch\/dental-services\/orthodontie-conventionnelle\/"},"modified":"2025-06-25T13:28:10","modified_gmt":"2025-06-25T11:28:10","slug":"orthodontist-geneva","status":"publish","type":"page","link":"https:\/\/cliniquedentairedechantepoulet.ch\/en\/dental-services\/orthodontist-geneva\/","title":{"rendered":"Orthodontist Geneva"},"content":{"rendered":"<div class=\"wpb-content-wrapper\"><p>[vc_row rsclass=&#8221;clean&#8221; el_class=&#8221;container pt80 pb40 section-presentation&#8221;][vc_column rsclass=&#8221;clean&#8221;][vc_row_inner equal_height=&#8221;yes&#8221; content_placement=&#8221;middle&#8221; rsclass=&#8221;clean&#8221; el_class=&#8221;row&#8221;][vc_column_inner el_class=&#8221;col-lg-6 text-center text-lg-left pr-md-4 left-part-img&#8221; width=&#8221;1\/2&#8243; rsclass=&#8221;clean&#8221;][vc_single_image image=&#8221;3296&#8243; img_size=&#8221;full&#8221; rsclass=&#8221;clean&#8221; rs_image_class=&#8221;w-100 first-img-full&#8221;][\/vc_single_image][\/vc_column_inner][vc_column_inner el_class=&#8221;col-lg-6 mt-3 mt-lg-0 right-part-txt&#8221; width=&#8221;1\/2&#8243; rsclass=&#8221;clean&#8221; rsinner=&#8221;ch_pr_45&#8243;][vc_column_text rsclass=&#8221;clean&#8221;]Are you struggling with misaligned teeth and yearning for a solution? Fear not, as it\u2019s never too late to rectify this issue and elevate your self-assurance and self-worth. Moreover, in adults, malocclusion problems can lead to more than just cosmetic concerns and may necessitate orthodontic intervention.<\/p>\n<p>With a plethora of choices available, ranging from conventional orthodontics to the latest cutting-edge techniques, deciding on the ideal option can be daunting. Allow us to introduce you to the four most prevalent methods and the numerous benefits of orthodontic therapy for a happier and healthier version of yourself. Come visit our orthodontic clinic in Geneva Chantepoulet, where we offer a thorough explanation of all aspects of the treatment.[\/vc_column_text][vc_empty_space][vc_column_text][\/vc_column_text][vc_custom_heading text=&#8221;The importance of<b>orthodontics for everyone<\/b>&#8221; font_container=&#8221;tag:h2|font_size:28|text_align:center&#8221; use_theme_fonts=&#8221;yes&#8221; rs_decor_place=&#8221;2&#8243; el_class=&#8221;custom-title&#8221;][\/vc_custom_heading][vc_column_text]Orthodontic treatments are not limited to children. With a plethora of treatment options available, adults can also correct their dental alignment. Age is merely a number when it comes to enhancing your smile and safeguarding your health![\/vc_column_text][vc_column_text css=&#8221;&#8221;]<\/p>\n<div class=\"custom-button-container\"><a class=\"custom_btn-blue\" href=\"\/en\/contact\/\"><img decoding=\"async\" style=\"width: 26px;\" src=\"\/wp-content\/uploads\/2025\/04\/picto-RDV.svg\" alt=\"tel\" \/>Book an appointment<\/a><\/div>\n<p>[\/vc_column_text][\/vc_column_inner][\/vc_row_inner][\/vc_column][\/vc_row][vc_row full_width=&#8221;stretch_row&#8221; el_class=&#8221;pb80&#8243;][vc_column][vc_column_text el_class=&#8221;right-part-txt&#8221;]<\/p>\n<h3>What are the benefits of orthodontics?<\/h3>\n<p>Orthodontic treatment can help both adults and children achieve their desired teeth position. The process entails the utilization of a customized dental appliance that applies mild pressure to gradually move the teeth to the desired location. The type of appliance used is specific to each person\u2019s unique situation.<\/p>\n<p>In essence, orthodontics offers the following benefits:<\/p>\n<ul>\n<li>Preserves and improves\u00a0<strong>overall dental health<\/strong>.<\/li>\n<li>Provides effective treatment options for patients\u00a0<strong>of any age<\/strong><\/li>\n<li>Elevates\u00a0<strong>self-confidence<\/strong>.<\/li>\n<\/ul>\n<h3>Reasons to see an orthodontist<\/h3>\n<p>Orthodontists are the Jedi masters of dental realignment, trained to address a wide range of issues. Whether it\u2019s to improve the appearance of your smile or to treat more serious problems, orthodontics plays an essential role in addressing:<\/p>\n<ul>\n<li>Uneven gaps between teeth;<br \/>\nMisaligned teeth;<br \/>\nMalocclusion;<br \/>\nGenetic malformation;<br \/>\nOverlapping teeth;<br \/>\nDesire for an improved smile;<br \/>\nOverall oral health problems due to improper bite alignment<\/li>\n<\/ul>\n<p>You can rest assured that conventional orthodontics can effectively treat all of these issues<\/p>\n<h3>The Role of the Dentist<\/h3>\n<p>Dentists are responsible for addressing a wide range of oral health issues, including cavities, missing or broken teeth, periodontal disease, and more. Dentistry is therefore a general term that refers to oral health care services.<\/p>\n<h3>The role of the orthodontist<\/h3>\n<p>Orthodontists are responsible for aligning teeth and jaws. They are best qualified to provide the most appropriate treatment options for their patients.<\/p>\n<h3>The benefits of orthodontics include:<\/h3>\n<ul>\n<li><strong>Correction of malocclusion;<\/strong><\/li>\n<li><strong>Alignment of teeth;<\/strong><\/li>\n<li><strong>Improved bite alignment;<\/strong><\/li>\n<li><strong>Enhanced appearance.<\/strong><\/li>\n<\/ul>\n<p>[\/vc_column_text][vc_empty_space height=&#8221;25px&#8221;][vc_custom_heading text=&#8221;What is a <b>dental malocclusion ?<\/b>&#8221; font_container=&#8221;tag:h2|font_size:28|text_align:center&#8221; use_theme_fonts=&#8221;yes&#8221; rs_decor_place=&#8221;2&#8243; el_class=&#8221;custom-title&#8221;][\/vc_custom_heading][vc_empty_space height=&#8221;10px&#8221;][vc_column_text el_class=&#8221;right-part-txt&#8221;]Dental occlusion is the positioning of the teeth in the two jaws when the mouth is at rest.<\/p>\n<p>If the interlocking of the upper and lower teeth is correct, then it is referred to as a good occlusion. On the contrary, malocclusion is detected if the teeth are too advanced, spaced or overlapping. A mispositioning of the jaw may be the cause.<\/p>\n<p>There are 3 main types of malocclusion:<\/p>\n<p>Overbite;<\/p>\n<p>Underbite;<\/p>\n<p>Crossbite.<\/p>\n<p>At our orthodontic clinic in Geneva, we offer treatment for all types of malocclusion.[\/vc_column_text][vc_empty_space height=&#8221;25px&#8221;][vc_custom_heading text=&#8221;Where can I get <b>orthodontic treatment??<\/b>&#8221; font_container=&#8221;tag:h2|font_size:28|text_align:center&#8221; use_theme_fonts=&#8221;yes&#8221; rs_decor_place=&#8221;2&#8243; el_class=&#8221;custom-title&#8221;][\/vc_custom_heading][vc_empty_space height=&#8221;10px&#8221;][vc_column_text]If you\u2019re seeking orthodontic treatment in Geneva or its environs, you\u2019re in good hands! Our orthodontic clinic, Chantepoulet, conveniently located near the Cornavin train station in Geneva, boasts a team of skilled professionals comprising dental hygienists, dentists, an implant surgeon, and a highly qualified orthodontist.<\/p>\n<p>Schedule an appointment with us to receive top-notch dental care and orthodontic treatment.[\/vc_column_text][vc_empty_space height=&#8221;25px&#8221;][vc_custom_heading text=&#8221;What are the 4 main types of <b>orthodontic appliances? ?<\/b>&#8221; font_container=&#8221;tag:h2|font_size:28|text_align:center&#8221; use_theme_fonts=&#8221;yes&#8221; rs_decor_place=&#8221;2&#8243; el_class=&#8221;custom-title&#8221;][\/vc_custom_heading][vc_empty_space height=&#8221;10px&#8221;][vc_column_text el_class=&#8221;right-part-txt&#8221;]Au service orthodontie de la\u00a0<strong>clinique dentaire Gen\u00e8ve Chantepoulet<\/strong>, nous pratiquons la pose des principaux appareils qui existent. Qu\u2019il s\u2019agisse d\u2019appareils transparents, m\u00e9talliques, plus discrets ou de goutti\u00e8res Invisalign, nous mettons toute notre expertise \u00e0 votre service.<\/p>\n<h3>Appareils m\u00e9talliques<\/h3>\n<p>Les appareils m\u00e9talliques, ou\u00a0<strong>bagues en m\u00e9tal<\/strong>, sont souvent destin\u00e9s aux enfants et adolescents de par leur faible co\u00fbt. Les bagues dentaires sont reli\u00e9es par un fil m\u00e9tallique et s\u00e9curis\u00e9es par les ligatures. Le\u00a0<strong>fil m\u00e9tallique<\/strong>\u00a0ou l\u2019<strong>arc<\/strong>\u00a0exerce une l\u00e9g\u00e8re pression sur les dents pour un redressement progressif.<\/p>\n<h3>Appareils c\u00e9ramiques<\/h3>\n<p>Son fonctionnement est similaire \u00e0 celui des appareils en m\u00e9tal. La diff\u00e9rence est le mat\u00e9riau utilis\u00e9, esth\u00e9tiquement plus proche de l\u2019<strong>\u00e9mail naturel dentaire<\/strong>. Il existe diff\u00e9rentes tonalit\u00e9s pour s\u2019adapter \u00e0 chaque teint de dent et offrir un r\u00e9sultat plus discret.<\/p>\n<h3>Appareils plac\u00e9s \u00e0 l\u2019arri\u00e8re des dents<\/h3>\n<p>Ces appareils parfaitement invisibles permettent un redressement dentaire en toute discr\u00e9tion\u00a0! Les attaches sont positionn\u00e9es\u00a0<strong>\u00e0 l\u2019arri\u00e8re des dents\u00a0<\/strong>plut\u00f4t qu\u2019\u00e0 l\u2019avant. Ils sont relativement plus chers, mais offrent un c\u00f4t\u00e9 esth\u00e9tique non-n\u00e9gligeable.<\/p>\n<h3>Goutti\u00e8res transparentes Invisalign<\/h3>\n<p>Ces appareils sont des\u00a0<strong>aligneurs dentaires amovibles<\/strong>\u00a0et quasiment invisibles. Ils sont fabriqu\u00e9s sur mesure pour chaque patient. Ces appareils thermoform\u00e9s de type\u00a0<strong>Invisalign<\/strong>\u00a0redressent les dents de mani\u00e8re progressive \u00e0 l\u2019aide d\u2019une succession d\u2019aligneurs\u00a0:\u00a0<strong>les goutti\u00e8res<\/strong>.<\/p>\n<p>Gr\u00e2ce aux diverses solutions th\u00e9rapeutiques qui existent, l\u2019alignement dentaire est possible \u00e0 tout \u00e2ge.<\/p>\n<p>Selon le niveau de discr\u00e9tion que vous recherchez, notre\u00a0<strong>clinique d\u2019orthodontie \u00e0 Gen\u00e8ve<\/strong>\u00a0vous propose\u00a0:<\/p>\n<ul>\n<li>Des appareils de\u00a0<strong>couleur transparente (c\u00e9ramique)\u00a0<\/strong>;<\/li>\n<li>Des appareils de\u00a0<strong>couleur m\u00e9tallique (surtout pour les adolescents)\u00a0<\/strong>;<\/li>\n<li>Des appareils\u00a0<strong>plac\u00e9s \u00e0 l\u2019arri\u00e8re des dents<\/strong>\u00a0pour une discr\u00e9tion optimale ;<\/li>\n<li>Des\u00a0<strong>goutti\u00e8res transparentes Invisalign<\/strong>.<\/li>\n<\/ul>\n<p>Afin de vous remettre un devis pr\u00e9cis, notre orthodontiste r\u00e9alise au pr\u00e9alable une analyse compl\u00e8te de votre dentition, s\u2019appuyant sur des radiographies, des photos et des empreintes optiques.<\/p>\n<p>Vous souhaitez en savoir plus sur nos traitements en orthodontie ou prendre rendez-vous\u00a0?<\/p>\n<p><strong><a href=\"https:\/\/booking.denteo.com\/fr\/59816c209c7f004afcce282654b8f17b\/locations\/1\">Contactez-nous<\/a><\/strong>\u00a0sans plus tarder\u00a0![\/vc_column_text][vc_column_text css=&#8221;&#8221;]<\/p>\n<p style=\"text-align: center;\"><a class=\"custom-btn\" href=\"https:\/\/cliniquedentairedechantepoulet.ch\/en\/dental-services\/\">Back to services<\/a> <a class=\"custom-btn\" href=\"https:\/\/cliniquedentairedechantepoulet.ch\/en\/appointment\/\">Make an appointment<\/a><\/p>\n<p>[\/vc_column_text][\/vc_column][\/vc_row]<\/p>\n<\/div>","protected":false},"excerpt":{"rendered":"<p>[vc_row rsclass=&#8221;clean&#8221; el_class=&#8221;container pt80 pb40 section-presentation&#8221;][vc_column rsclass=&#8221;clean&#8221;][vc_row_inner equal_height=&#8221;yes&#8221; content_placement=&#8221;middle&#8221; rsclass=&#8221;clean&#8221; el_class=&#8221;row&#8221;][vc_column_inner el_class=&#8221;col-lg-6 text-center text-lg-left pr-md-4 left-part-img&#8221; width=&#8221;1\/2&#8243; rsclass=&#8221;clean&#8221;][vc_single_image image=&#8221;3296&#8243; img_size=&#8221;full&#8221; rsclass=&#8221;clean&#8221; rs_image_class=&#8221;w-100 first-img-full&#8221;][\/vc_single_image][\/vc_column_inner][vc_column_inner el_class=&#8221;col-lg-6 mt-3 mt-lg-0 right-part-txt&#8221; width=&#8221;1\/2&#8243; rsclass=&#8221;clean&#8221; rsinner=&#8221;ch_pr_45&#8243;][vc_column_text rsclass=&#8221;clean&#8221;]Are you struggling with misaligned teeth and yearning for a solution? Fear not, as it\u2019s never too late to rectify this issue and elevate your <\/p>\n<div class=\"btn-more-wrapper\"><a href=\"https:\/\/cliniquedentairedechantepoulet.ch\/en\/dental-services\/orthodontist-geneva\/\" class=\"btn btn-sm btn-hover-fill\"><svg class=\"icon icon-right-arrow\" version=\"1.1\" xmlns=\"http:\/\/www.w3.org\/2000\/svg\" width=\"32\" height=\"32\" viewBox=\"0 0 32 32\"><path d=\"M21.548 5.088c-0.436-0.451-1.162-0.451-1.613 0-0.436 0.436-0.436 1.162 0 1.596l8.177 8.177h-26.984c-0.629 0.001-1.129 0.501-1.129 1.13s0.5 1.145 1.129 1.145h26.984l-8.177 8.162c-0.436 0.451-0.436 1.178 0 1.613 0.451 0.451 1.178 0.451 1.613 0l10.113-10.113c0.451-0.436 0.451-1.162 0-1.596l-10.113-10.114z\"><\/path><\/svg>Read More<span class=\"screen-reader-text\"> &#8220;Orthodontist Geneva&#8221;<\/span><svg class=\"icon icon-right-arrow\" version=\"1.1\" xmlns=\"http:\/\/www.w3.org\/2000\/svg\" width=\"32\" height=\"32\" viewBox=\"0 0 32 32\"><path d=\"M21.548 5.088c-0.436-0.451-1.162-0.451-1.613 0-0.436 0.436-0.436 1.162 0 1.596l8.177 8.177h-26.984c-0.629 0.001-1.129 0.501-1.129 1.13s0.5 1.145 1.129 1.145h26.984l-8.177 8.162c-0.436 0.451-0.436 1.178 0 1.613 0.451 0.451 1.178 0.451 1.613 0l10.113-10.113c0.451-0.436 0.451-1.162 0-1.596l-10.113-10.114z\"><\/path><\/svg><\/a><\/div>\n","protected":false},"author":2,"featured_media":3236,"parent":3734,"menu_order":0,"comment_status":"closed","ping_status":"closed","template":"","meta":{"_acf_changed":false,"_joinchat":[],"footnotes":""},"class_list":["post-5512","page","type-page","status-publish","has-post-thumbnail","hentry"],"acf":[],"yoast_head":"<!-- This site is optimized with the Yoast SEO plugin v27.1.1 - https:\/\/yoast.com\/product\/yoast-seo-wordpress\/ -->\n<title>Orthodontist in Geneva | Clinique Dentaire Chantepoulet<\/title>\n<meta name=\"description\" content=\"Dental alignment is possible at any age. Our orthodontists in Geneva offer a variety of solutions, depending on the level of discretion you&#039;re looking for.\" \/>\n<meta name=\"robots\" content=\"index, follow, max-snippet:-1, max-image-preview:large, max-video-preview:-1\" \/>\n<link rel=\"canonical\" href=\"https:\/\/cliniquedentairedechantepoulet.ch\/en\/dental-services\/orthodontist-geneva\/\" \/>\n<script type=\"application\/ld+json\" class=\"yoast-schema-graph\">{\"@context\":\"https:\/\/schema.org\",\"@graph\":[{\"@type\":\"WebPage\",\"@id\":\"https:\/\/cliniquedentairedechantepoulet.ch\/en\/dental-services\/orthodontist-geneva\/\",\"url\":\"https:\/\/cliniquedentairedechantepoulet.ch\/en\/dental-services\/orthodontist-geneva\/\",\"name\":\"Orthodontist in Geneva | Clinique Dentaire Chantepoulet\",\"isPartOf\":{\"@id\":\"https:\/\/cliniquedentairedechantepoulet.ch\/#website\"},\"primaryImageOfPage\":{\"@id\":\"https:\/\/cliniquedentairedechantepoulet.ch\/en\/dental-services\/orthodontist-geneva\/#primaryimage\"},\"image\":{\"@id\":\"https:\/\/cliniquedentairedechantepoulet.ch\/en\/dental-services\/orthodontist-geneva\/#primaryimage\"},\"thumbnailUrl\":\"https:\/\/cliniquedentairedechantepoulet.ch\/wp-content\/uploads\/2022\/08\/1920x300-1.jpg\",\"datePublished\":\"2025-03-28T09:53:24+00:00\",\"dateModified\":\"2025-06-25T11:28:10+00:00\",\"description\":\"Dental alignment is possible at any age. Our orthodontists in Geneva offer a variety of solutions, depending on the level of discretion you're looking for.\",\"breadcrumb\":{\"@id\":\"https:\/\/cliniquedentairedechantepoulet.ch\/en\/dental-services\/orthodontist-geneva\/#breadcrumb\"},\"inLanguage\":\"en-US\",\"potentialAction\":[{\"@type\":\"ReadAction\",\"target\":[\"https:\/\/cliniquedentairedechantepoulet.ch\/en\/dental-services\/orthodontist-geneva\/\"]}]},{\"@type\":\"ImageObject\",\"inLanguage\":\"en-US\",\"@id\":\"https:\/\/cliniquedentairedechantepoulet.ch\/en\/dental-services\/orthodontist-geneva\/#primaryimage\",\"url\":\"https:\/\/cliniquedentairedechantepoulet.ch\/wp-content\/uploads\/2022\/08\/1920x300-1.jpg\",\"contentUrl\":\"https:\/\/cliniquedentairedechantepoulet.ch\/wp-content\/uploads\/2022\/08\/1920x300-1.jpg\",\"width\":1920,\"height\":300,\"caption\":\"banniere-clinique-dentaire-chantepoulet\"},{\"@type\":\"BreadcrumbList\",\"@id\":\"https:\/\/cliniquedentairedechantepoulet.ch\/en\/dental-services\/orthodontist-geneva\/#breadcrumb\",\"itemListElement\":[{\"@type\":\"ListItem\",\"position\":1,\"name\":\"Accueil\",\"item\":\"https:\/\/cliniquedentairedechantepoulet.ch\/en\/\"},{\"@type\":\"ListItem\",\"position\":2,\"name\":\"Dental services\",\"item\":\"https:\/\/cliniquedentairedechantepoulet.ch\/en\/dental-services\/\"},{\"@type\":\"ListItem\",\"position\":3,\"name\":\"Orthodontist Geneva\"}]},{\"@type\":\"WebSite\",\"@id\":\"https:\/\/cliniquedentairedechantepoulet.ch\/#website\",\"url\":\"https:\/\/cliniquedentairedechantepoulet.ch\/\",\"name\":\"Clinique Dentaire Chantepoulet\",\"description\":\"\",\"publisher\":{\"@id\":\"https:\/\/cliniquedentairedechantepoulet.ch\/#organization\"},\"potentialAction\":[{\"@type\":\"SearchAction\",\"target\":{\"@type\":\"EntryPoint\",\"urlTemplate\":\"https:\/\/cliniquedentairedechantepoulet.ch\/?s={search_term_string}\"},\"query-input\":{\"@type\":\"PropertyValueSpecification\",\"valueRequired\":true,\"valueName\":\"search_term_string\"}}],\"inLanguage\":\"en-US\"},{\"@type\":\"Organization\",\"@id\":\"https:\/\/cliniquedentairedechantepoulet.ch\/#organization\",\"name\":\"Clinique Dentaire Chantepoulet\",\"url\":\"https:\/\/cliniquedentairedechantepoulet.ch\/\",\"logo\":{\"@type\":\"ImageObject\",\"inLanguage\":\"en-US\",\"@id\":\"https:\/\/cliniquedentairedechantepoulet.ch\/#\/schema\/logo\/image\/\",\"url\":\"https:\/\/cliniquedentairedechantepoulet.ch\/wp-content\/uploads\/2022\/11\/logo-chantepoulet.svg\",\"contentUrl\":\"https:\/\/cliniquedentairedechantepoulet.ch\/wp-content\/uploads\/2022\/11\/logo-chantepoulet.svg\",\"width\":220,\"height\":40,\"caption\":\"Clinique Dentaire Chantepoulet\"},\"image\":{\"@id\":\"https:\/\/cliniquedentairedechantepoulet.ch\/#\/schema\/logo\/image\/\"}}]}<\/script>\n<!-- \/ Yoast SEO plugin. -->","yoast_head_json":{"title":"Orthodontist in Geneva | Clinique Dentaire Chantepoulet","description":"Dental alignment is possible at any age. Our orthodontists in Geneva offer a variety of solutions, depending on the level of discretion you're looking for.","robots":{"index":"index","follow":"follow","max-snippet":"max-snippet:-1","max-image-preview":"max-image-preview:large","max-video-preview":"max-video-preview:-1"},"canonical":"https:\/\/cliniquedentairedechantepoulet.ch\/en\/dental-services\/orthodontist-geneva\/","schema":{"@context":"https:\/\/schema.org","@graph":[{"@type":"WebPage","@id":"https:\/\/cliniquedentairedechantepoulet.ch\/en\/dental-services\/orthodontist-geneva\/","url":"https:\/\/cliniquedentairedechantepoulet.ch\/en\/dental-services\/orthodontist-geneva\/","name":"Orthodontist in Geneva | Clinique Dentaire Chantepoulet","isPartOf":{"@id":"https:\/\/cliniquedentairedechantepoulet.ch\/#website"},"primaryImageOfPage":{"@id":"https:\/\/cliniquedentairedechantepoulet.ch\/en\/dental-services\/orthodontist-geneva\/#primaryimage"},"image":{"@id":"https:\/\/cliniquedentairedechantepoulet.ch\/en\/dental-services\/orthodontist-geneva\/#primaryimage"},"thumbnailUrl":"https:\/\/cliniquedentairedechantepoulet.ch\/wp-content\/uploads\/2022\/08\/1920x300-1.jpg","datePublished":"2025-03-28T09:53:24+00:00","dateModified":"2025-06-25T11:28:10+00:00","description":"Dental alignment is possible at any age. Our orthodontists in Geneva offer a variety of solutions, depending on the level of discretion you're looking for.","breadcrumb":{"@id":"https:\/\/cliniquedentairedechantepoulet.ch\/en\/dental-services\/orthodontist-geneva\/#breadcrumb"},"inLanguage":"en-US","potentialAction":[{"@type":"ReadAction","target":["https:\/\/cliniquedentairedechantepoulet.ch\/en\/dental-services\/orthodontist-geneva\/"]}]},{"@type":"ImageObject","inLanguage":"en-US","@id":"https:\/\/cliniquedentairedechantepoulet.ch\/en\/dental-services\/orthodontist-geneva\/#primaryimage","url":"https:\/\/cliniquedentairedechantepoulet.ch\/wp-content\/uploads\/2022\/08\/1920x300-1.jpg","contentUrl":"https:\/\/cliniquedentairedechantepoulet.ch\/wp-content\/uploads\/2022\/08\/1920x300-1.jpg","width":1920,"height":300,"caption":"banniere-clinique-dentaire-chantepoulet"},{"@type":"BreadcrumbList","@id":"https:\/\/cliniquedentairedechantepoulet.ch\/en\/dental-services\/orthodontist-geneva\/#breadcrumb","itemListElement":[{"@type":"ListItem","position":1,"name":"Accueil","item":"https:\/\/cliniquedentairedechantepoulet.ch\/en\/"},{"@type":"ListItem","position":2,"name":"Dental services","item":"https:\/\/cliniquedentairedechantepoulet.ch\/en\/dental-services\/"},{"@type":"ListItem","position":3,"name":"Orthodontist Geneva"}]},{"@type":"WebSite","@id":"https:\/\/cliniquedentairedechantepoulet.ch\/#website","url":"https:\/\/cliniquedentairedechantepoulet.ch\/","name":"Clinique Dentaire Chantepoulet","description":"","publisher":{"@id":"https:\/\/cliniquedentairedechantepoulet.ch\/#organization"},"potentialAction":[{"@type":"SearchAction","target":{"@type":"EntryPoint","urlTemplate":"https:\/\/cliniquedentairedechantepoulet.ch\/?s={search_term_string}"},"query-input":{"@type":"PropertyValueSpecification","valueRequired":true,"valueName":"search_term_string"}}],"inLanguage":"en-US"},{"@type":"Organization","@id":"https:\/\/cliniquedentairedechantepoulet.ch\/#organization","name":"Clinique Dentaire Chantepoulet","url":"https:\/\/cliniquedentairedechantepoulet.ch\/","logo":{"@type":"ImageObject","inLanguage":"en-US","@id":"https:\/\/cliniquedentairedechantepoulet.ch\/#\/schema\/logo\/image\/","url":"https:\/\/cliniquedentairedechantepoulet.ch\/wp-content\/uploads\/2022\/11\/logo-chantepoulet.svg","contentUrl":"https:\/\/cliniquedentairedechantepoulet.ch\/wp-content\/uploads\/2022\/11\/logo-chantepoulet.svg","width":220,"height":40,"caption":"Clinique Dentaire Chantepoulet"},"image":{"@id":"https:\/\/cliniquedentairedechantepoulet.ch\/#\/schema\/logo\/image\/"}}]}},"_links":{"self":[{"href":"https:\/\/cliniquedentairedechantepoulet.ch\/en\/wp-json\/wp\/v2\/pages\/5512","targetHints":{"allow":["GET"]}}],"collection":[{"href":"https:\/\/cliniquedentairedechantepoulet.ch\/en\/wp-json\/wp\/v2\/pages"}],"about":[{"href":"https:\/\/cliniquedentairedechantepoulet.ch\/en\/wp-json\/wp\/v2\/types\/page"}],"author":[{"embeddable":true,"href":"https:\/\/cliniquedentairedechantepoulet.ch\/en\/wp-json\/wp\/v2\/users\/2"}],"replies":[{"embeddable":true,"href":"https:\/\/cliniquedentairedechantepoulet.ch\/en\/wp-json\/wp\/v2\/comments?post=5512"}],"version-history":[{"count":8,"href":"https:\/\/cliniquedentairedechantepoulet.ch\/en\/wp-json\/wp\/v2\/pages\/5512\/revisions"}],"predecessor-version":[{"id":6668,"href":"https:\/\/cliniquedentairedechantepoulet.ch\/en\/wp-json\/wp\/v2\/pages\/5512\/revisions\/6668"}],"up":[{"embeddable":true,"href":"https:\/\/cliniquedentairedechantepoulet.ch\/en\/wp-json\/wp\/v2\/pages\/3734"}],"wp:featuredmedia":[{"embeddable":true,"href":"https:\/\/cliniquedentairedechantepoulet.ch\/en\/wp-json\/wp\/v2\/media\/3236"}],"wp:attachment":[{"href":"https:\/\/cliniquedentairedechantepoulet.ch\/en\/wp-json\/wp\/v2\/media?parent=5512"}],"curies":[{"name":"wp","href":"https:\/\/api.w.org\/{rel}","templated":true}]}}